{"id":1533,"date":"2024-04-29T10:04:35","date_gmt":"2024-04-29T08:04:35","guid":{"rendered":"https:\/\/fleurdheaven.fr\/academy\/?page_id=1533"},"modified":"2024-09-02T14:22:58","modified_gmt":"2024-09-02T12:22:58","slug":"accessibilite-aux-personnes-en-situation-dhandicap","status":"publish","type":"page","link":"https:\/\/fleurdheaven.fr\/academy\/?page_id=1533","title":{"rendered":"Accessibilit\u00e9 aux personnes en situation de handicap"},"content":{"rendered":"\t\t<div data-elementor-type=\"wp-page\" data-elementor-id=\"1533\" class=\"elementor elementor-1533\">\n\t\t\t\t<div class=\"has_eae_slider elementor-element elementor-element-a64d26a e-flex e-con-boxed wpr-particle-no wpr-jarallax-no wpr-parallax-no wpr-sticky-section-no e-con e-parent\" data-id=\"a64d26a\" data-element_type=\"container\" data-settings=\"{&quot;background_background&quot;:&quot;classic&quot;}\">\n\t\t\t\t\t<div class=\"e-con-inner\">\n\t\t<div class=\"has_eae_slider elementor-element elementor-element-64e2913 e-flex e-con-boxed wpr-particle-no wpr-jarallax-no wpr-parallax-no wpr-sticky-section-no e-con e-child\" data-id=\"64e2913\" data-element_type=\"container\">\n\t\t\t\t\t<div class=\"e-con-inner\">\n\t\t\t\t<div class=\"elementor-element elementor-element-e034549 elementor-widget-divider--view-line elementor-widget elementor-widget-divider\" data-id=\"e034549\" data-element_type=\"widget\" data-widget_type=\"divider.default\">\n\t\t\t\t<div class=\"elementor-widget-container\">\n\t\t\t<style>\/*! elementor - v3.22.0 - 17-06-2024 *\/\n.elementor-widget-divider{--divider-border-style:none;--divider-border-width:1px;--divider-color:#0c0d0e;--divider-icon-size:20px;--divider-element-spacing:10px;--divider-pattern-height:24px;--divider-pattern-size:20px;--divider-pattern-url:none;--divider-pattern-repeat:repeat-x}.elementor-widget-divider .elementor-divider{display:flex}.elementor-widget-divider .elementor-divider__text{font-size:15px;line-height:1;max-width:95%}.elementor-widget-divider .elementor-divider__element{margin:0 var(--divider-element-spacing);flex-shrink:0}.elementor-widget-divider .elementor-icon{font-size:var(--divider-icon-size)}.elementor-widget-divider .elementor-divider-separator{display:flex;margin:0;direction:ltr}.elementor-widget-divider--view-line_icon .elementor-divider-separator,.elementor-widget-divider--view-line_text .elementor-divider-separator{align-items:center}.elementor-widget-divider--view-line_icon .elementor-divider-separator:after,.elementor-widget-divider--view-line_icon .elementor-divider-separator:before,.elementor-widget-divider--view-line_text .elementor-divider-separator:after,.elementor-widget-divider--view-line_text .elementor-divider-separator:before{display:block;content:\"\";border-block-end:0;flex-grow:1;border-block-start:var(--divider-border-width) var(--divider-border-style) var(--divider-color)}.elementor-widget-divider--element-align-left .elementor-divider .elementor-divider-separator>.elementor-divider__svg:first-of-type{flex-grow:0;flex-shrink:100}.elementor-widget-divider--element-align-left .elementor-divider-separator:before{content:none}.elementor-widget-divider--element-align-left .elementor-divider__element{margin-left:0}.elementor-widget-divider--element-align-right .elementor-divider .elementor-divider-separator>.elementor-divider__svg:last-of-type{flex-grow:0;flex-shrink:100}.elementor-widget-divider--element-align-right .elementor-divider-separator:after{content:none}.elementor-widget-divider--element-align-right .elementor-divider__element{margin-right:0}.elementor-widget-divider--element-align-start .elementor-divider .elementor-divider-separator>.elementor-divider__svg:first-of-type{flex-grow:0;flex-shrink:100}.elementor-widget-divider--element-align-start .elementor-divider-separator:before{content:none}.elementor-widget-divider--element-align-start .elementor-divider__element{margin-inline-start:0}.elementor-widget-divider--element-align-end .elementor-divider .elementor-divider-separator>.elementor-divider__svg:last-of-type{flex-grow:0;flex-shrink:100}.elementor-widget-divider--element-align-end .elementor-divider-separator:after{content:none}.elementor-widget-divider--element-align-end .elementor-divider__element{margin-inline-end:0}.elementor-widget-divider:not(.elementor-widget-divider--view-line_text):not(.elementor-widget-divider--view-line_icon) .elementor-divider-separator{border-block-start:var(--divider-border-width) var(--divider-border-style) var(--divider-color)}.elementor-widget-divider--separator-type-pattern{--divider-border-style:none}.elementor-widget-divider--separator-type-pattern.elementor-widget-divider--view-line .elementor-divider-separator,.elementor-widget-divider--separator-type-pattern:not(.elementor-widget-divider--view-line) .elementor-divider-separator:after,.elementor-widget-divider--separator-type-pattern:not(.elementor-widget-divider--view-line) .elementor-divider-separator:before,.elementor-widget-divider--separator-type-pattern:not([class*=elementor-widget-divider--view]) .elementor-divider-separator{width:100%;min-height:var(--divider-pattern-height);-webkit-mask-size:var(--divider-pattern-size) 100%;mask-size:var(--divider-pattern-size) 100%;-webkit-mask-repeat:var(--divider-pattern-repeat);mask-repeat:var(--divider-pattern-repeat);background-color:var(--divider-color);-webkit-mask-image:var(--divider-pattern-url);mask-image:var(--divider-pattern-url)}.elementor-widget-divider--no-spacing{--divider-pattern-size:auto}.elementor-widget-divider--bg-round{--divider-pattern-repeat:round}.rtl .elementor-widget-divider .elementor-divider__text{direction:rtl}.e-con-inner>.elementor-widget-divider,.e-con>.elementor-widget-divider{width:var(--container-widget-width,100%);--flex-grow:var(--container-widget-flex-grow)}<\/style>\t\t<div class=\"elementor-divider\">\n\t\t\t<span class=\"elementor-divider-separator\">\n\t\t\t\t\t\t<\/span>\n\t\t<\/div>\n\t\t\t\t<\/div>\n\t\t\t\t<\/div>\n\t\t\t\t<div class=\"elementor-element elementor-element-b0afaea elementor-widget elementor-widget-heading\" data-id=\"b0afaea\" data-element_type=\"widget\" data-widget_type=\"heading.default\">\n\t\t\t\t<div class=\"elementor-widget-container\">\n\t\t\t<style>\/*! elementor - v3.22.0 - 17-06-2024 *\/\n.elementor-heading-title{padding:0;margin:0;line-height:1}.elementor-widget-heading .elementor-heading-title[class*=elementor-size-]>a{color:inherit;font-size:inherit;line-height:inherit}.elementor-widget-heading .elementor-heading-title.elementor-size-small{font-size:15px}.elementor-widget-heading .elementor-heading-title.elementor-size-medium{font-size:19px}.elementor-widget-heading .elementor-heading-title.elementor-size-large{font-size:29px}.elementor-widget-heading .elementor-heading-title.elementor-size-xl{font-size:39px}.elementor-widget-heading .elementor-heading-title.elementor-size-xxl{font-size:59px}<\/style><h3 class=\"elementor-heading-title elementor-size-default\">Accessibilit\u00e9 aux Personnes\nen situation de Handicap<\/h3>\t\t<\/div>\n\t\t\t\t<\/div>\n\t\t\t\t<div class=\"elementor-element elementor-element-4e71f2a elementor-widget-divider--view-line elementor-widget elementor-widget-divider\" data-id=\"4e71f2a\" data-element_type=\"widget\" data-widget_type=\"divider.default\">\n\t\t\t\t<div class=\"elementor-widget-container\">\n\t\t\t\t\t<div class=\"elementor-divider\">\n\t\t\t<span class=\"elementor-divider-separator\">\n\t\t\t\t\t\t<\/span>\n\t\t<\/div>\n\t\t\t\t<\/div>\n\t\t\t\t<\/div>\n\t\t\t\t\t<\/div>\n\t\t\t\t<\/div>\n\t\t\t\t\t<\/div>\n\t\t\t\t<\/div>\n\t\t<div class=\"has_eae_slider elementor-element elementor-element-0be99fe e-flex e-con-boxed wpr-particle-no wpr-jarallax-no wpr-parallax-no wpr-sticky-section-no e-con e-parent\" data-id=\"0be99fe\" data-element_type=\"container\" data-settings=\"{&quot;background_background&quot;:&quot;classic&quot;}\">\n\t\t\t\t\t<div class=\"e-con-inner\">\n\t\t\t\t<div class=\"elementor-element elementor-element-383b372 elementor-widget elementor-widget-heading\" data-id=\"383b372\" data-element_type=\"widget\" data-widget_type=\"heading.default\">\n\t\t\t\t<div class=\"elementor-widget-container\">\n\t\t\t<h2 class=\"elementor-heading-title elementor-size-default\">FLEUR D\u2019HEAVEN met un point d\u2019honneur \u00e0 garantir\nl\u2019accessibilit\u00e9 des personnes en situation de certains handicaps\n\u00e0 nos formations.\nNous \u00e9tudions au cas par cas les mesures que nous pouvons\nmettre en place pour rendre accessible nos formations et\nfournir les diff\u00e9rentes compensations n\u00e9cessaires si besoin et\nselon la typologie du handicap.\nEn fonction de la typologie et de la demande, nous pouvons\nnous rapprocher de nos partenaires sp\u00e9cialis\u00e9s, l\u2019AGEFIPH et\/ou\nla MDPH pour un \u00e9ventuel accompagnement. Une liste d\u2019autres\nacteurs du champ du handicap est disponible.\nAussi, tout au long de la formation, les personnes en situation\nde handicap disposent d\u2019un r\u00e9f\u00e9rent au sein de l\u2019organisme de\nformation pour les accompagner.\nR\u00e9f\u00e9rente Handicap : Chantal ATAYI\n09 53 80 56 71 - contact@fleurdheaven.fr<\/h2>\t\t<\/div>\n\t\t\t\t<\/div>\n\t\t\t\t\t<\/div>\n\t\t\t\t<\/div>\n\t\t<div class=\"has_eae_slider elementor-element elementor-element-bdefdb7 e-flex e-con-boxed wpr-particle-no wpr-jarallax-no wpr-parallax-no wpr-sticky-section-no e-con e-parent\" data-id=\"bdefdb7\" data-element_type=\"container\" data-settings=\"{&quot;background_background&quot;:&quot;classic&quot;}\">\n\t\t\t\t\t<div class=\"e-con-inner\">\n\t\t<div class=\"has_eae_slider elementor-element elementor-element-a683a59 e-con-full e-flex wpr-particle-no wpr-jarallax-no wpr-parallax-no wpr-sticky-section-no e-con e-child\" data-id=\"a683a59\" data-element_type=\"container\">\n\t\t\t\t<div class=\"elementor-element elementor-element-c7762b2 elementor-widget elementor-widget-heading\" data-id=\"c7762b2\" data-element_type=\"widget\" data-widget_type=\"heading.default\">\n\t\t\t\t<div class=\"elementor-widget-container\">\n\t\t\t<h3 class=\"elementor-heading-title elementor-size-default\">Nos Partennaires R\u00e9gionaux<\/h3>\t\t<\/div>\n\t\t\t\t<\/div>\n\t\t\t\t<\/div>\n\t\t\t\t\t<\/div>\n\t\t\t\t<\/div>\n\t\t<div class=\"has_eae_slider elementor-element elementor-element-4616f18 e-flex e-con-boxed wpr-particle-no wpr-jarallax-no wpr-parallax-no wpr-sticky-section-no e-con e-parent\" data-id=\"4616f18\" data-element_type=\"container\" data-settings=\"{&quot;background_background&quot;:&quot;classic&quot;}\">\n\t\t\t\t\t<div class=\"e-con-inner\">\n\t\t<div class=\"has_eae_slider elementor-element elementor-element-33c638b e-con-full e-flex wpr-particle-no wpr-jarallax-no wpr-parallax-no wpr-sticky-section-no e-con e-child\" data-id=\"33c638b\" data-element_type=\"container\">\n\t\t\t\t<div class=\"elementor-element elementor-element-7712cff elementor-widget elementor-widget-image\" data-id=\"7712cff\" data-element_type=\"widget\" data-widget_type=\"image.default\">\n\t\t\t\t<div class=\"elementor-widget-container\">\n\t\t\t<style>\/*! elementor - v3.22.0 - 17-06-2024 *\/\n.elementor-widget-image{text-align:center}.elementor-widget-image a{display:inline-block}.elementor-widget-image a img[src$=\".svg\"]{width:48px}.elementor-widget-image img{vertical-align:middle;display:inline-block}<\/style>\t\t\t\t\t\t\t\t\t\t<img fetchpriority=\"high\" decoding=\"async\" width=\"620\" height=\"376\" src=\"https:\/\/fleurdheaven.fr\/academy\/wp-content\/uploads\/2024\/04\/logo_agefiph.png\" class=\"attachment-large size-large wp-image-1537\" alt=\"\" srcset=\"https:\/\/fleurdheaven.fr\/academy\/wp-content\/uploads\/2024\/04\/logo_agefiph.png 620w, https:\/\/fleurdheaven.fr\/academy\/wp-content\/uploads\/2024\/04\/logo_agefiph-300x182.png 300w\" sizes=\"(max-width: 620px) 100vw, 620px\" \/>\t\t\t\t\t\t\t\t\t\t\t\t\t<\/div>\n\t\t\t\t<\/div>\n\t\t\t\t<\/div>\n\t\t<div class=\"has_eae_slider elementor-element elementor-element-a305689 e-con-full e-flex wpr-particle-no wpr-jarallax-no wpr-parallax-no wpr-sticky-section-no e-con e-child\" data-id=\"a305689\" data-element_type=\"container\">\n\t\t\t\t<div class=\"elementor-element elementor-element-07be491 elementor-widget elementor-widget-heading\" data-id=\"07be491\" data-element_type=\"widget\" data-widget_type=\"heading.default\">\n\t\t\t\t<div class=\"elementor-widget-container\">\n\t\t\t<h3 class=\"elementor-heading-title elementor-size-default\">D\u00e9l\u00e9gation r\u00e9gionale Ile-de-France\nde l\u2019AGEFIPH<\/h3>\t\t<\/div>\n\t\t\t\t<\/div>\n\t\t\t\t<div class=\"elementor-element elementor-element-67dd16c elementor-widget elementor-widget-text-editor\" data-id=\"67dd16c\" data-element_type=\"widget\" data-widget_type=\"text-editor.default\">\n\t\t\t\t<div class=\"elementor-widget-container\">\n\t\t\t<style>\/*! elementor - v3.22.0 - 17-06-2024 *\/\n.elementor-widget-text-editor.elementor-drop-cap-view-stacked .elementor-drop-cap{background-color:#69727d;color:#fff}.elementor-widget-text-editor.elementor-drop-cap-view-framed .elementor-drop-cap{color:#69727d;border:3px solid;background-color:transparent}.elementor-widget-text-editor:not(.elementor-drop-cap-view-default) .elementor-drop-cap{margin-top:8px}.elementor-widget-text-editor:not(.elementor-drop-cap-view-default) .elementor-drop-cap-letter{width:1em;height:1em}.elementor-widget-text-editor .elementor-drop-cap{float:left;text-align:center;line-height:1;font-size:50px}.elementor-widget-text-editor .elementor-drop-cap-letter{display:inline-block}<\/style>\t\t\t\t<h6>192, avenue Aristide Briand<br \/>92226 Bagneux cedex<br \/>ile-de-france@agefiph.asso.fr<br \/>9h00 \u00e0 12h00 &#8211; 14h00 \u00e0 17h30<br \/>Tel : 0 800 11 10 09<br \/>rhf-idf@agefiph.asso.fr<\/h6>\t\t\t\t\t\t<\/div>\n\t\t\t\t<\/div>\n\t\t\t\t<\/div>\n\t\t<div class=\"has_eae_slider elementor-element elementor-element-6840c95 e-con-full e-flex wpr-particle-no wpr-jarallax-no wpr-parallax-no wpr-sticky-section-no e-con e-child\" data-id=\"6840c95\" data-element_type=\"container\">\n\t\t\t\t<div class=\"elementor-element elementor-element-453af52 elementor-widget elementor-widget-image\" data-id=\"453af52\" data-element_type=\"widget\" data-widget_type=\"image.default\">\n\t\t\t\t<div class=\"elementor-widget-container\">\n\t\t\t\t\t\t\t\t\t\t\t\t\t<img decoding=\"async\" width=\"800\" height=\"343\" src=\"https:\/\/fleurdheaven.fr\/academy\/wp-content\/uploads\/2024\/04\/MDPH.jpg\" class=\"attachment-large size-large wp-image-1536\" alt=\"\" srcset=\"https:\/\/fleurdheaven.fr\/academy\/wp-content\/uploads\/2024\/04\/MDPH.jpg 800w, https:\/\/fleurdheaven.fr\/academy\/wp-content\/uploads\/2024\/04\/MDPH-300x129.jpg 300w, https:\/\/fleurdheaven.fr\/academy\/wp-content\/uploads\/2024\/04\/MDPH-768x329.jpg 768w\" sizes=\"(max-width: 800px) 100vw, 800px\" \/>\t\t\t\t\t\t\t\t\t\t\t\t\t<\/div>\n\t\t\t\t<\/div>\n\t\t\t\t<\/div>\n\t\t<div class=\"has_eae_slider elementor-element elementor-element-8b550cf e-con-full e-flex wpr-particle-no wpr-jarallax-no wpr-parallax-no wpr-sticky-section-no e-con e-child\" data-id=\"8b550cf\" data-element_type=\"container\">\n\t\t\t\t<div class=\"elementor-element elementor-element-5a46902 elementor-widget elementor-widget-heading\" data-id=\"5a46902\" data-element_type=\"widget\" data-widget_type=\"heading.default\">\n\t\t\t\t<div class=\"elementor-widget-container\">\n\t\t\t<h3 class=\"elementor-heading-title elementor-size-default\">Maison D\u00e9partementale des\nPersonnes Handicap\u00e9es (MDPH))<\/h3>\t\t<\/div>\n\t\t\t\t<\/div>\n\t\t\t\t<div class=\"elementor-element elementor-element-efb8d60 elementor-widget elementor-widget-text-editor\" data-id=\"efb8d60\" data-element_type=\"widget\" data-widget_type=\"text-editor.default\">\n\t\t\t\t<div class=\"elementor-widget-container\">\n\t\t\t\t\t\t\t<h6>2 rue Rigault &#8211; 92 000 Nanterre (si\u00e8ge)<br \/>Du lundi au jeudi de 9h \u00e0 12h \u2013 14h \u00e0 17h<br \/>Le vendredi de 9h \u00e0 12h \u2013 14h \u00e0 16h30<br \/>Tel : 01 41 91 92 50<br \/>mdph@mdph92.fr<\/h6>\t\t\t\t\t\t<\/div>\n\t\t\t\t<\/div>\n\t\t\t\t<\/div>\n\t\t\t\t\t<\/div>\n\t\t\t\t<\/div>\n\t\t<div class=\"has_eae_slider elementor-element elementor-element-104c437 e-flex e-con-boxed wpr-particle-no wpr-jarallax-no wpr-parallax-no wpr-sticky-section-no e-con e-parent\" data-id=\"104c437\" data-element_type=\"container\" data-settings=\"{&quot;background_background&quot;:&quot;classic&quot;}\">\n\t\t\t\t\t<div class=\"e-con-inner\">\n\t\t<div class=\"has_eae_slider elementor-element elementor-element-d33fd02 e-con-full e-flex wpr-particle-no wpr-jarallax-no wpr-parallax-no wpr-sticky-section-no e-con e-child\" data-id=\"d33fd02\" data-element_type=\"container\">\n\t\t\t\t<div class=\"elementor-element elementor-element-3d8e3a4 elementor-widget elementor-widget-heading\" data-id=\"3d8e3a4\" data-element_type=\"widget\" data-widget_type=\"heading.default\">\n\t\t\t\t<div class=\"elementor-widget-container\">\n\t\t\t<h3 class=\"elementor-heading-title elementor-size-default\">Modalit\u00e9s D\u2019Accessibilit\u00e9<\/h3>\t\t<\/div>\n\t\t\t\t<\/div>\n\t\t\t\t<\/div>\n\t\t\t\t\t<\/div>\n\t\t\t\t<\/div>\n\t\t<div class=\"has_eae_slider elementor-element elementor-element-aeb5700 e-flex e-con-boxed wpr-particle-no wpr-jarallax-no wpr-parallax-no wpr-sticky-section-no e-con e-parent\" data-id=\"aeb5700\" data-element_type=\"container\" data-settings=\"{&quot;background_background&quot;:&quot;classic&quot;}\">\n\t\t\t\t\t<div class=\"e-con-inner\">\n\t\t\t\t<div class=\"elementor-element elementor-element-a7adcff elementor-widget elementor-widget-heading\" data-id=\"a7adcff\" data-element_type=\"widget\" data-widget_type=\"heading.default\">\n\t\t\t\t<div class=\"elementor-widget-container\">\n\t\t\t<h6 class=\"elementor-heading-title elementor-size-default\">La R\u00e9f\u00e9rente Handicap prend contact avec le stagiaire afin\nd\u2019\u00e9changer sur sa situation de handicap et ses besoins\nsp\u00e9cifiques.\n<br>D\u00e9lai d\u2019acc\u00e8s : afin de garantir l\u2019acc\u00e8s et la qualit\u00e9 de nos\nformations, il est important que nous soyons inform\u00e9s au plus t\u00f4t\ndu handicap de la personne inscrite (minimum 30 jours avant le\nd\u00e9marrage de la formation).\nInscription : le stagiaire remplit sa demande d\u2019inscription sur\nnotre site internet.\n<br>En retour, la R\u00e9f\u00e9rente Handicap prend contact avec le stagiaire\nafin d\u2019\u00e9changer sur sa situation de handicap et ses besoins\nsp\u00e9cifiques.\n<br>Parcours d\u2019admission : \u00e0 l\u2019aide d\u2019un questionnaire, nous \u00e9tudions\nensemble les diff\u00e9rentes \u00e9tapes afin d\u2019adapter sa formation et\nmettre en place les actions n\u00e9cessaires facilitant et favorisant\nson apprentissage.\n<br>Nous tenons le stagiaire inform\u00e9 des \u00e9ventuels moyens mis en\nplace et restons disponibles \u00e0 toute adaptation compl\u00e9mentaire.\nPour toute information compl\u00e9mentaire, contactez notre\nr\u00e9f\u00e9rent handicap.\n<br>En nous partageant vos sp\u00e9cificit\u00e9s et vos demandes\nd\u2019adaptations, vous participez \u00e0 l\u2019apprentissage et \u00e0 la mont\u00e9e\nen comp\u00e9tences d\u2019inclusion !<\/h6>\t\t<\/div>\n\t\t\t\t<\/div>\n\t\t\t\t\t<\/div>\n\t\t\t\t<\/div>\n\t\t\t\t<\/div>\n\t\t","protected":false},"excerpt":{"rendered":"<p>Accessibilit\u00e9 aux Personnes en situation de Handicap FLEUR D\u2019HEAVEN met un point d\u2019honneur \u00e0 garantir l\u2019accessibilit\u00e9 des personnes en situation de certains handicaps \u00e0 nos formations. Nous \u00e9tudions au cas par cas les mesures que nous pouvons mettre en place pour rendre accessible nos formations et fournir les diff\u00e9rentes compensations n\u00e9cessaires si besoin et selon la typologie du handicap. En fonction de la typologie et de la demande, nous pouvons nous rapprocher de nos partenaires sp\u00e9cialis\u00e9s, l\u2019AGEFIPH et\/ou la MDPH pour un \u00e9ventuel accompagnement. Une liste d\u2019autres acteurs du champ du handicap est disponible. Aussi, tout au long de la formation, les personnes en situation de handicap disposent d\u2019un r\u00e9f\u00e9rent au sein de l\u2019organisme de formation pour les accompagner. R\u00e9f\u00e9rente Handicap : Chantal ATAYI 09 53 80 56 71 &#8211; contact@fleurdheaven.fr Nos Partennaires R\u00e9gionaux D\u00e9l\u00e9gation r\u00e9gionale Ile-de-France de l\u2019AGEFIPH 192, avenue Aristide Briand92226 Bagneux cedexile-de-france@agefiph.asso.fr9h00 \u00e0 12h00 &#8211; 14h00 \u00e0 17h30Tel : 0 800 11 10 09rhf-idf@agefiph.asso.fr Maison D\u00e9partementale des Personnes Handicap\u00e9es (MDPH)) 2 rue Rigault &#8211; 92 000 Nanterre (si\u00e8ge)Du lundi au jeudi de 9h \u00e0 12h \u2013 14h \u00e0 17hLe vendredi de 9h \u00e0 12h \u2013 14h \u00e0 16h30Tel : 01 41 91 92 50mdph@mdph92.fr Modalit\u00e9s D\u2019Accessibilit\u00e9 La R\u00e9f\u00e9rente Handicap prend contact avec le stagiaire afin d\u2019\u00e9changer sur sa situation de handicap et ses besoins sp\u00e9cifiques. D\u00e9lai d\u2019acc\u00e8s : afin de garantir l\u2019acc\u00e8s et la qualit\u00e9 de nos formations, il est important que nous soyons inform\u00e9s au plus t\u00f4t du handicap de la personne inscrite (minimum 30 jours avant le d\u00e9marrage de la formation). Inscription : le stagiaire remplit sa demande d\u2019inscription sur notre site internet. En retour, la R\u00e9f\u00e9rente Handicap prend contact avec le stagiaire afin d\u2019\u00e9changer sur sa situation de handicap et ses besoins sp\u00e9cifiques. Parcours d\u2019admission : \u00e0 l\u2019aide d\u2019un questionnaire, nous \u00e9tudions ensemble les diff\u00e9rentes \u00e9tapes afin d\u2019adapter sa formation et mettre en place les actions n\u00e9cessaires facilitant et favorisant son apprentissage. Nous tenons le stagiaire inform\u00e9 des \u00e9ventuels moyens mis en place et restons disponibles \u00e0 toute adaptation compl\u00e9mentaire. Pour toute information compl\u00e9mentaire, contactez notre r\u00e9f\u00e9rent handicap. En nous partageant vos sp\u00e9cificit\u00e9s et vos demandes d\u2019adaptations, vous participez \u00e0 l\u2019apprentissage et \u00e0 la mont\u00e9e en comp\u00e9tences d\u2019inclusion !<\/p>\n","protected":false},"author":1,"featured_media":0,"parent":0,"menu_order":0,"comment_status":"closed","ping_status":"closed","template":"","meta":{"_uag_custom_page_level_css":"","_lmt_disableupdate":"","_lmt_disable":"","site-sidebar-layout":"no-sidebar","site-content-layout":"page-builder","ast-site-content-layout":"full-width-container","site-content-style":"default","site-sidebar-style":"default","ast-global-header-display":"","ast-banner-title-visibility":"","ast-main-header-display":"","ast-hfb-above-header-display":"","ast-hfb-below-header-display":"","ast-hfb-mobile-header-display":"","site-post-title":"disabled","ast-breadcrumbs-content":"","ast-featured-img":"disabled","footer-sml-layout":"","theme-transparent-header-meta":"","adv-header-id-meta":"","stick-header-meta":"","header-above-stick-meta":"","header-main-stick-meta":"","header-below-stick-meta":"","astra-migrate-meta-layouts":"set","ast-page-background-enabled":"default","ast-page-background-meta":{"desktop":{"background-color":"","background-image":"","background-repeat":"repeat","background-position":"center center","background-size":"auto","background-attachment":"scroll","background-type":"","background-media":"","overlay-type":"","overlay-color":"","overlay-gradient":""},"tablet":{"background-color":"","background-image":"","background-repeat":"repeat","background-position":"center center","background-size":"auto","background-attachment":"scroll","background-type":"","background-media":"","overlay-type":"","overlay-color":"","overlay-gradient":""},"mobile":{"background-color":"","background-image":"","background-repeat":"repeat","background-position":"center center","background-size":"auto","background-attachment":"scroll","background-type":"","background-media":"","overlay-type":"","overlay-color":"","overlay-gradient":""}},"ast-content-background-meta":{"desktop":{"background-color":"var(--ast-global-color-5)","background-image":"","background-repeat":"repeat","background-position":"center center","background-size":"auto","background-attachment":"scroll","background-type":"","background-media":"","overlay-type":"","overlay-color":"","overlay-gradient":""},"tablet":{"background-color":"var(--ast-global-color-5)","background-image":"","background-repeat":"repeat","background-position":"center center","background-size":"auto","background-attachment":"scroll","background-type":"","background-media":"","overlay-type":"","overlay-color":"","overlay-gradient":""},"mobile":{"background-color":"var(--ast-global-color-5)","background-image":"","background-repeat":"repeat","background-position":"center center","background-size":"auto","background-attachment":"scroll","background-type":"","background-media":"","overlay-type":"","overlay-color":"","overlay-gradient":""}},"footnotes":""},"class_list":["post-1533","page","type-page","status-publish","hentry"],"jetpack_sharing_enabled":true,"uagb_featured_image_src":{"full":false,"thumbnail":false,"medium":false,"medium_large":false,"large":false,"1536x1536":false,"2048x2048":false},"uagb_author_info":{"display_name":"heaven","author_link":"https:\/\/fleurdheaven.fr\/academy\/?author=1"},"uagb_comment_info":0,"uagb_excerpt":"Accessibilit\u00e9 aux Personnes en situation de Handicap FLEUR D\u2019HEAVEN met un point d\u2019honneur \u00e0 garantir l\u2019accessibilit\u00e9 des personnes en situation de certains handicaps \u00e0 nos formations. Nous \u00e9tudions au cas par cas les mesures que nous pouvons mettre en place pour rendre accessible nos formations et fournir les diff\u00e9rentes compensations n\u00e9cessaires si besoin et selon\u2026","_links":{"self":[{"href":"https:\/\/fleurdheaven.fr\/academy\/index.php?rest_route=\/wp\/v2\/pages\/1533","targetHints":{"allow":["GET"]}}],"collection":[{"href":"https:\/\/fleurdheaven.fr\/academy\/index.php?rest_route=\/wp\/v2\/pages"}],"about":[{"href":"https:\/\/fleurdheaven.fr\/academy\/index.php?rest_route=\/wp\/v2\/types\/page"}],"author":[{"embeddable":true,"href":"https:\/\/fleurdheaven.fr\/academy\/index.php?rest_route=\/wp\/v2\/users\/1"}],"replies":[{"embeddable":true,"href":"https:\/\/fleurdheaven.fr\/academy\/index.php?rest_route=%2Fwp%2Fv2%2Fcomments&post=1533"}],"version-history":[{"count":32,"href":"https:\/\/fleurdheaven.fr\/academy\/index.php?rest_route=\/wp\/v2\/pages\/1533\/revisions"}],"predecessor-version":[{"id":1870,"href":"https:\/\/fleurdheaven.fr\/academy\/index.php?rest_route=\/wp\/v2\/pages\/1533\/revisions\/1870"}],"wp:attachment":[{"href":"https:\/\/fleurdheaven.fr\/academy\/index.php?rest_route=%2Fwp%2Fv2%2Fmedia&parent=1533"}],"curies":[{"name":"wp","href":"https:\/\/api.w.org\/{rel}","templated":true}]}}