{"id":152,"date":"2021-05-18T01:54:43","date_gmt":"2021-05-18T01:54:43","guid":{"rendered":"https:\/\/fleurdheaven.fr\/academy\/?page_id=152"},"modified":"2024-08-30T01:21:38","modified_gmt":"2024-08-29T23:21:38","slug":"about","status":"publish","type":"page","link":"https:\/\/fleurdheaven.fr\/academy\/?page_id=152","title":{"rendered":"Chantal Atayi"},"content":{"rendered":"\t\t<div data-elementor-type=\"wp-page\" data-elementor-id=\"152\" class=\"elementor elementor-152\">\n\t\t\t\t<div class=\"has_eae_slider elementor-element elementor-element-efd0e9c e-flex e-con-boxed wpr-particle-no wpr-jarallax-no wpr-parallax-no wpr-sticky-section-no e-con e-parent\" data-id=\"efd0e9c\" data-element_type=\"container\" data-settings=\"{&quot;background_background&quot;:&quot;classic&quot;}\">\n\t\t\t\t\t<div class=\"e-con-inner\">\n\t\t\t\t<div class=\"elementor-element elementor-element-d879b76 elementor-widget-divider--view-line elementor-widget elementor-widget-divider\" data-id=\"d879b76\" data-element_type=\"widget\" data-widget_type=\"divider.default\">\n\t\t\t\t<div class=\"elementor-widget-container\">\n\t\t\t<style>\/*! elementor - v3.22.0 - 17-06-2024 *\/\n.elementor-widget-divider{--divider-border-style:none;--divider-border-width:1px;--divider-color:#0c0d0e;--divider-icon-size:20px;--divider-element-spacing:10px;--divider-pattern-height:24px;--divider-pattern-size:20px;--divider-pattern-url:none;--divider-pattern-repeat:repeat-x}.elementor-widget-divider .elementor-divider{display:flex}.elementor-widget-divider .elementor-divider__text{font-size:15px;line-height:1;max-width:95%}.elementor-widget-divider .elementor-divider__element{margin:0 var(--divider-element-spacing);flex-shrink:0}.elementor-widget-divider .elementor-icon{font-size:var(--divider-icon-size)}.elementor-widget-divider .elementor-divider-separator{display:flex;margin:0;direction:ltr}.elementor-widget-divider--view-line_icon .elementor-divider-separator,.elementor-widget-divider--view-line_text .elementor-divider-separator{align-items:center}.elementor-widget-divider--view-line_icon .elementor-divider-separator:after,.elementor-widget-divider--view-line_icon .elementor-divider-separator:before,.elementor-widget-divider--view-line_text .elementor-divider-separator:after,.elementor-widget-divider--view-line_text .elementor-divider-separator:before{display:block;content:\"\";border-block-end:0;flex-grow:1;border-block-start:var(--divider-border-width) var(--divider-border-style) var(--divider-color)}.elementor-widget-divider--element-align-left .elementor-divider .elementor-divider-separator>.elementor-divider__svg:first-of-type{flex-grow:0;flex-shrink:100}.elementor-widget-divider--element-align-left .elementor-divider-separator:before{content:none}.elementor-widget-divider--element-align-left .elementor-divider__element{margin-left:0}.elementor-widget-divider--element-align-right .elementor-divider .elementor-divider-separator>.elementor-divider__svg:last-of-type{flex-grow:0;flex-shrink:100}.elementor-widget-divider--element-align-right .elementor-divider-separator:after{content:none}.elementor-widget-divider--element-align-right .elementor-divider__element{margin-right:0}.elementor-widget-divider--element-align-start .elementor-divider .elementor-divider-separator>.elementor-divider__svg:first-of-type{flex-grow:0;flex-shrink:100}.elementor-widget-divider--element-align-start .elementor-divider-separator:before{content:none}.elementor-widget-divider--element-align-start .elementor-divider__element{margin-inline-start:0}.elementor-widget-divider--element-align-end .elementor-divider .elementor-divider-separator>.elementor-divider__svg:last-of-type{flex-grow:0;flex-shrink:100}.elementor-widget-divider--element-align-end .elementor-divider-separator:after{content:none}.elementor-widget-divider--element-align-end .elementor-divider__element{margin-inline-end:0}.elementor-widget-divider:not(.elementor-widget-divider--view-line_text):not(.elementor-widget-divider--view-line_icon) .elementor-divider-separator{border-block-start:var(--divider-border-width) var(--divider-border-style) var(--divider-color)}.elementor-widget-divider--separator-type-pattern{--divider-border-style:none}.elementor-widget-divider--separator-type-pattern.elementor-widget-divider--view-line .elementor-divider-separator,.elementor-widget-divider--separator-type-pattern:not(.elementor-widget-divider--view-line) .elementor-divider-separator:after,.elementor-widget-divider--separator-type-pattern:not(.elementor-widget-divider--view-line) .elementor-divider-separator:before,.elementor-widget-divider--separator-type-pattern:not([class*=elementor-widget-divider--view]) .elementor-divider-separator{width:100%;min-height:var(--divider-pattern-height);-webkit-mask-size:var(--divider-pattern-size) 100%;mask-size:var(--divider-pattern-size) 100%;-webkit-mask-repeat:var(--divider-pattern-repeat);mask-repeat:var(--divider-pattern-repeat);background-color:var(--divider-color);-webkit-mask-image:var(--divider-pattern-url);mask-image:var(--divider-pattern-url)}.elementor-widget-divider--no-spacing{--divider-pattern-size:auto}.elementor-widget-divider--bg-round{--divider-pattern-repeat:round}.rtl .elementor-widget-divider .elementor-divider__text{direction:rtl}.e-con-inner>.elementor-widget-divider,.e-con>.elementor-widget-divider{width:var(--container-widget-width,100%);--flex-grow:var(--container-widget-flex-grow)}<\/style>\t\t<div class=\"elementor-divider\">\n\t\t\t<span class=\"elementor-divider-separator\">\n\t\t\t\t\t\t<\/span>\n\t\t<\/div>\n\t\t\t\t<\/div>\n\t\t\t\t<\/div>\n\t\t\t\t<div class=\"elementor-element elementor-element-c263554 elementor-widget elementor-widget-heading\" data-id=\"c263554\" data-element_type=\"widget\" data-widget_type=\"heading.default\">\n\t\t\t\t<div class=\"elementor-widget-container\">\n\t\t\t<style>\/*! elementor - v3.22.0 - 17-06-2024 *\/\n.elementor-heading-title{padding:0;margin:0;line-height:1}.elementor-widget-heading .elementor-heading-title[class*=elementor-size-]>a{color:inherit;font-size:inherit;line-height:inherit}.elementor-widget-heading .elementor-heading-title.elementor-size-small{font-size:15px}.elementor-widget-heading .elementor-heading-title.elementor-size-medium{font-size:19px}.elementor-widget-heading .elementor-heading-title.elementor-size-large{font-size:29px}.elementor-widget-heading .elementor-heading-title.elementor-size-xl{font-size:39px}.elementor-widget-heading .elementor-heading-title.elementor-size-xxl{font-size:59px}<\/style><h3 class=\"elementor-heading-title elementor-size-default\">D\u00e9couvrez le Parcours  de Chantal Atayi <\/h3>\t\t<\/div>\n\t\t\t\t<\/div>\n\t\t\t\t<div class=\"elementor-element elementor-element-ff0a86c elementor-widget-divider--view-line elementor-widget elementor-widget-divider\" data-id=\"ff0a86c\" data-element_type=\"widget\" data-widget_type=\"divider.default\">\n\t\t\t\t<div class=\"elementor-widget-container\">\n\t\t\t\t\t<div class=\"elementor-divider\">\n\t\t\t<span class=\"elementor-divider-separator\">\n\t\t\t\t\t\t<\/span>\n\t\t<\/div>\n\t\t\t\t<\/div>\n\t\t\t\t<\/div>\n\t\t\t\t\t<\/div>\n\t\t\t\t<\/div>\n\t\t\t\t<section class=\"has_eae_slider elementor-section elementor-top-section elementor-element elementor-element-1414fbd elementor-section-boxed elementor-section-height-default elementor-section-height-default wpr-particle-no wpr-jarallax-no wpr-parallax-no wpr-sticky-section-no\" data-id=\"1414fbd\" data-element_type=\"section\" data-settings=\"{&quot;background_background&quot;:&quot;classic&quot;}\">\n\t\t\t\t\t\t<div class=\"elementor-container elementor-column-gap-default\">\n\t\t\t\t\t<div class=\"has_eae_slider elementor-column elementor-col-100 elementor-top-column elementor-element elementor-element-5fc8c5bc\" data-id=\"5fc8c5bc\" data-element_type=\"column\">\n\t\t\t<div class=\"elementor-widget-wrap elementor-element-populated\">\n\t\t\t\t\t\t<div class=\"elementor-element elementor-element-40d2036 wpr-list-style-none elementor-widget elementor-widget-wpr-posts-timeline\" data-id=\"40d2036\" data-element_type=\"widget\" data-settings=\"{&quot;animation_offset&quot;:150,&quot;aos_animation_duration&quot;:600}\" data-widget_type=\"wpr-posts-timeline.default\">\n\t\t\t\t<div class=\"elementor-widget-container\">\n\t\t\t\n\t\t<div class=\"wpr-wrapper wpr-vertical wpr-centered\">\n\t\t\t<div class=\"wpr-timeline-centered wpr-line wpr-both-sided-timeline\"><div class=\"wpr-middle-line\"><\/div><div class=\"wpr-timeline-fill\" data-layout=\"centered\"><\/div><article class=\"wpr-timeline-entry wpr-left-aligned elementor-repeater-item-aa9d67d\" data-item-id=\"elementor-repeater-item-aa9d67d\"><div class=\"wpr-timeline-entry-inner\"><div class=\"wpr-main-line-icon wpr-icon\"><svg aria-hidden=\"true\" class=\"e-font-icon-svg e-fas-circle\" viewBox=\"0 0 512 512\" xmlns=\"http:\/\/www.w3.org\/2000\/svg\"><path d=\"M256 8C119 8 8 119 8 256s111 248 248 248 248-111 248-248S393 8 256 8z\"><\/path><\/svg><\/div><div class=\"wpr-story-info-vertical wpr-data-wrap \"  data-aos=\"fade\" data-aos-left=\"\" data-aos-right=\"\" data-animation-offset=\"150\" data-animation-duration=\"600\"><div class=\"wpr-animation-wrap wpr-timeline-media\"><img fetchpriority=\"high\" decoding=\"async\" width=\"1080\" height=\"1080\" src=\"https:\/\/fleurdheaven.fr\/academy\/wp-content\/uploads\/2023\/12\/Beauty-instagram-post-9.png\" class=\"attachment-full size-full\" alt=\"\" srcset=\"https:\/\/fleurdheaven.fr\/academy\/wp-content\/uploads\/2023\/12\/Beauty-instagram-post-9.png 1080w, https:\/\/fleurdheaven.fr\/academy\/wp-content\/uploads\/2023\/12\/Beauty-instagram-post-9-300x300.png 300w, https:\/\/fleurdheaven.fr\/academy\/wp-content\/uploads\/2023\/12\/Beauty-instagram-post-9-1024x1024.png 1024w, https:\/\/fleurdheaven.fr\/academy\/wp-content\/uploads\/2023\/12\/Beauty-instagram-post-9-150x150.png 150w, https:\/\/fleurdheaven.fr\/academy\/wp-content\/uploads\/2023\/12\/Beauty-instagram-post-9-768x768.png 768w\" sizes=\"(max-width: 1080px) 100vw, 1080px\" \/><\/div><div class=\"wpr-timeline-content-wrapper\"><div class=\"wpr-content-wrapper\"><p class=\"wpr-title-wrap\"><span class=\"wpr-title\">Le D\u00e9but d&#039;une Aventure Incroyable<\/span><\/p><div class=\"wpr-description\"><h6>Dans l\u2019univers captivant de la beaut\u00e9 et des m\u00e9tiers de l\u2019esth\u00e9tique, \u00e9merge une passionn\u00e9e nomm\u00e9e Chantal Atayi. En 2003, apr\u00e8s avoir suivi une premi\u00e8re formation de proth\u00e9siste ongulaire, elle plonge dans l\u2019art des soins de beaut\u00e9 du corps et du visage. Cette d\u00e9couverte devient le point de d\u00e9part d\u2019un voyage exceptionnel vers le bien-\u00eatre.<\/h6><h6>\u00a0<\/h6><\/div><\/div><\/div><\/div>\n\t\t\t\t\t\t<\/div>\n\t\t\t\t<\/article><article class=\"wpr-timeline-entry wpr-right-aligned elementor-repeater-item-a58978b\" data-item-id=\"elementor-repeater-item-a58978b\"><div class=\"wpr-timeline-entry-inner\"><div class=\"wpr-main-line-icon wpr-icon\"><svg aria-hidden=\"true\" class=\"e-font-icon-svg e-fas-circle\" viewBox=\"0 0 512 512\" xmlns=\"http:\/\/www.w3.org\/2000\/svg\"><path d=\"M256 8C119 8 8 119 8 256s111 248 248 248 248-111 248-248S393 8 256 8z\"><\/path><\/svg><\/div><div class=\"wpr-story-info-vertical wpr-data-wrap \"  data-aos=\"fade\" data-aos-left=\"\" data-aos-right=\"\" data-animation-offset=\"150\" data-animation-duration=\"600\"><div class=\"wpr-animation-wrap wpr-timeline-media\"><img decoding=\"async\" width=\"704\" height=\"881\" src=\"https:\/\/fleurdheaven.fr\/academy\/wp-content\/uploads\/2023\/11\/Capture-decran-2023-11-09-175434.png\" class=\"attachment-full size-full\" alt=\"\" srcset=\"https:\/\/fleurdheaven.fr\/academy\/wp-content\/uploads\/2023\/11\/Capture-decran-2023-11-09-175434.png 704w, https:\/\/fleurdheaven.fr\/academy\/wp-content\/uploads\/2023\/11\/Capture-decran-2023-11-09-175434-240x300.png 240w\" sizes=\"(max-width: 704px) 100vw, 704px\" \/><\/div><div class=\"wpr-timeline-content-wrapper\"><div class=\"wpr-content-wrapper\"><p class=\"wpr-title-wrap\"><span class=\"wpr-title\">Entre \u00c9tudes d&#039;Excellence et R\u00eave d&#039;un Institut Accueillant<\/span><\/p><div class=\"wpr-description\"><h6>En 2006, Chantal int\u00e8gre l\u2019\u00e9cole internationale \u00c9lys\u00e9e Marbeuf pour obtenir un BTS Esth\u00e9tique Cosm\u00e9tique. Son parcours acad\u00e9mique la guide vers une expertise approfondie dans le domaine de l\u2019esth\u00e9tique. Au fil des ann\u00e9es, ses exp\u00e9riences en tant qu\u2019esth\u00e9ticienne nourrissent sa volont\u00e9 de cr\u00e9er un institut inclusif, un havre o\u00f9 chacun se sent accueilli et pris en charge avec professionnalisme.<\/h6><h6>\u00a0<\/h6><\/div><\/div><\/div><\/div>\n\t\t\t\t\t\t<\/div>\n\t\t\t\t<\/article><article class=\"wpr-timeline-entry wpr-left-aligned elementor-repeater-item-882b10f\" data-item-id=\"elementor-repeater-item-882b10f\"><div class=\"wpr-timeline-entry-inner\"><div class=\"wpr-main-line-icon wpr-icon\"><svg aria-hidden=\"true\" class=\"e-font-icon-svg e-fas-circle\" viewBox=\"0 0 512 512\" xmlns=\"http:\/\/www.w3.org\/2000\/svg\"><path d=\"M256 8C119 8 8 119 8 256s111 248 248 248 248-111 248-248S393 8 256 8z\"><\/path><\/svg><\/div><div class=\"wpr-story-info-vertical wpr-data-wrap \"  data-aos=\"fade\" data-aos-left=\"\" data-aos-right=\"\" data-animation-offset=\"150\" data-animation-duration=\"600\"><div class=\"wpr-animation-wrap wpr-timeline-media\"><img decoding=\"async\" width=\"1080\" height=\"1080\" src=\"https:\/\/fleurdheaven.fr\/academy\/wp-content\/uploads\/2023\/12\/Beauty-instagram-post-10.png\" class=\"attachment-full size-full\" alt=\"\" srcset=\"https:\/\/fleurdheaven.fr\/academy\/wp-content\/uploads\/2023\/12\/Beauty-instagram-post-10.png 1080w, https:\/\/fleurdheaven.fr\/academy\/wp-content\/uploads\/2023\/12\/Beauty-instagram-post-10-300x300.png 300w, https:\/\/fleurdheaven.fr\/academy\/wp-content\/uploads\/2023\/12\/Beauty-instagram-post-10-1024x1024.png 1024w, https:\/\/fleurdheaven.fr\/academy\/wp-content\/uploads\/2023\/12\/Beauty-instagram-post-10-150x150.png 150w, https:\/\/fleurdheaven.fr\/academy\/wp-content\/uploads\/2023\/12\/Beauty-instagram-post-10-768x768.png 768w\" sizes=\"(max-width: 1080px) 100vw, 1080px\" \/><\/div><div class=\"wpr-timeline-content-wrapper\"><div class=\"wpr-content-wrapper\"><p class=\"wpr-title-wrap\"><span class=\"wpr-title\">Ma\u00eetrise Artistique et Engagement envers l&#039;Excellence Esth\u00e9tique<\/span><\/p><div class=\"wpr-description\"><p>Pour perfectionner son art, Chantal se lance dans divers programmes destin\u00e9s aux professionnels de l\u2019esth\u00e9tique. Elle explore ainsi l\u2019art d\u00e9licat de la micro-pigmentation des l\u00e8vres, des sourcils et des yeux, ajoutant une touche artistique \u00e0 sa palette de comp\u00e9tences. Son engagement envers l\u2019excellence la conduit \u00e9galement \u00e0 devenir experte et repr\u00e9sentante des produits de la prestigieuse marque Dermalogica, gr\u00e2ce au programme de l\u2019Institut International Am\u00e9ricain de la Peau (International Dermal Institute).<\/p><\/div><\/div><\/div><\/div>\n\t\t\t\t\t\t<\/div>\n\t\t\t\t<\/article><article class=\"wpr-timeline-entry wpr-right-aligned elementor-repeater-item-d9f0750\" data-item-id=\"elementor-repeater-item-d9f0750\"><div class=\"wpr-timeline-entry-inner\"><div class=\"wpr-main-line-icon wpr-icon\"><svg aria-hidden=\"true\" class=\"e-font-icon-svg e-fas-genderless\" viewBox=\"0 0 288 512\" xmlns=\"http:\/\/www.w3.org\/2000\/svg\"><path d=\"M144 176c44.1 0 80 35.9 80 80s-35.9 80-80 80-80-35.9-80-80 35.9-80 80-80m0-64C64.5 112 0 176.5 0 256s64.5 144 144 144 144-64.5 144-144-64.5-144-144-144z\"><\/path><\/svg><\/div><div class=\"wpr-story-info-vertical wpr-data-wrap \"  data-aos=\"fade\" data-aos-left=\"\" data-aos-right=\"\" data-animation-offset=\"150\" data-animation-duration=\"600\"><div class=\"wpr-animation-wrap wpr-timeline-media\"><img loading=\"lazy\" decoding=\"async\" width=\"1080\" height=\"1080\" src=\"https:\/\/fleurdheaven.fr\/academy\/wp-content\/uploads\/2023\/12\/Beauty-instagram-post.png\" class=\"attachment-full size-full\" alt=\"\" srcset=\"https:\/\/fleurdheaven.fr\/academy\/wp-content\/uploads\/2023\/12\/Beauty-instagram-post.png 1080w, https:\/\/fleurdheaven.fr\/academy\/wp-content\/uploads\/2023\/12\/Beauty-instagram-post-300x300.png 300w, https:\/\/fleurdheaven.fr\/academy\/wp-content\/uploads\/2023\/12\/Beauty-instagram-post-1024x1024.png 1024w, https:\/\/fleurdheaven.fr\/academy\/wp-content\/uploads\/2023\/12\/Beauty-instagram-post-150x150.png 150w, https:\/\/fleurdheaven.fr\/academy\/wp-content\/uploads\/2023\/12\/Beauty-instagram-post-768x768.png 768w\" sizes=\"(max-width: 1080px) 100vw, 1080px\" \/><\/div><div class=\"wpr-timeline-content-wrapper\"><div class=\"wpr-content-wrapper\"><p class=\"wpr-title-wrap\"><span class=\"wpr-title\">L&#039;Approche Exceptionnelle de Chantal Atayi pour le Bien-\u00catre Esth\u00e9tique<\/span><\/p><div class=\"wpr-description\"><p>Aujourd\u2019hui, dot\u00e9e d\u2019une expertise diversifi\u00e9e et d\u2019une passion in\u00e9branlable, Chantal Atayi s\u2019engage \u00e0 offrir des soins esth\u00e9tiques de qualit\u00e9. Son objectif est de vous aider \u00e0 r\u00e9v\u00e9ler votre beaut\u00e9 naturelle tout en vous offrant une exp\u00e9rience relaxante et r\u00e9g\u00e9n\u00e9rante. Dans son institut, r\u00e8gnent la confiance, l\u2019authenticit\u00e9 et le professionnalisme, offrant ainsi \u00e0 chacun l\u2019opportunit\u00e9 de retrouver \u00e9quilibre et bien-\u00eatre dans un environnement chaleureux et bienveillant.<\/p><\/div><\/div><\/div><\/div>\n\t\t\t\t\t\t<\/div>\n\t\t\t\t<\/article><\/div>    \n\t\t\t<\/div>\t\t<\/div>\n\t\t\t\t<\/div>\n\t\t\t\t\t<\/div>\n\t\t<\/div>\n\t\t\t\t\t<\/div>\n\t\t<\/section>\n\t\t\t\t<\/div>\n\t\t","protected":false},"excerpt":{"rendered":"<p>D\u00e9couvrez le Parcours de Chantal Atayi Le D\u00e9but d&#039;une Aventure Incroyable Dans l\u2019univers captivant de la beaut\u00e9 et des m\u00e9tiers de l\u2019esth\u00e9tique, \u00e9merge une passionn\u00e9e nomm\u00e9e Chantal Atayi. En 2003, apr\u00e8s avoir suivi une premi\u00e8re formation de proth\u00e9siste ongulaire, elle plonge dans l\u2019art des soins de beaut\u00e9 du corps et du visage. Cette d\u00e9couverte devient le point de d\u00e9part d\u2019un voyage exceptionnel vers le bien-\u00eatre. \u00a0 Entre \u00c9tudes d&#039;Excellence et R\u00eave d&#039;un Institut Accueillant En 2006, Chantal int\u00e8gre l\u2019\u00e9cole internationale \u00c9lys\u00e9e Marbeuf pour obtenir un BTS Esth\u00e9tique Cosm\u00e9tique. Son parcours acad\u00e9mique la guide vers une expertise approfondie dans le domaine de l\u2019esth\u00e9tique. Au fil des ann\u00e9es, ses exp\u00e9riences en tant qu\u2019esth\u00e9ticienne nourrissent sa volont\u00e9 de cr\u00e9er un institut inclusif, un havre o\u00f9 chacun se sent accueilli et pris en charge avec professionnalisme. \u00a0 Ma\u00eetrise Artistique et Engagement envers l&#039;Excellence Esth\u00e9tique Pour perfectionner son art, Chantal se lance dans divers programmes destin\u00e9s aux professionnels de l\u2019esth\u00e9tique. Elle explore ainsi l\u2019art d\u00e9licat de la micro-pigmentation des l\u00e8vres, des sourcils et des yeux, ajoutant une touche artistique \u00e0 sa palette de comp\u00e9tences. Son engagement envers l\u2019excellence la conduit \u00e9galement \u00e0 devenir experte et repr\u00e9sentante des produits de la prestigieuse marque Dermalogica, gr\u00e2ce au programme de l\u2019Institut International Am\u00e9ricain de la Peau (International Dermal Institute). L&#039;Approche Exceptionnelle de Chantal Atayi pour le Bien-\u00catre Esth\u00e9tique Aujourd\u2019hui, dot\u00e9e d\u2019une expertise diversifi\u00e9e et d\u2019une passion in\u00e9branlable, Chantal Atayi s\u2019engage \u00e0 offrir des soins esth\u00e9tiques de qualit\u00e9. Son objectif est de vous aider \u00e0 r\u00e9v\u00e9ler votre beaut\u00e9 naturelle tout en vous offrant une exp\u00e9rience relaxante et r\u00e9g\u00e9n\u00e9rante. Dans son institut, r\u00e8gnent la confiance, l\u2019authenticit\u00e9 et le professionnalisme, offrant ainsi \u00e0 chacun l\u2019opportunit\u00e9 de retrouver \u00e9quilibre et bien-\u00eatre dans un environnement chaleureux et bienveillant.<\/p>\n","protected":false},"author":1,"featured_media":0,"parent":0,"menu_order":0,"comment_status":"closed","ping_status":"closed","template":"","meta":{"_uag_custom_page_level_css":"","_lmt_disableupdate":"","_lmt_disable":"","site-sidebar-layout":"no-sidebar","site-content-layout":"page-builder","ast-site-content-layout":"","site-content-style":"default","site-sidebar-style":"default","ast-global-header-display":"","ast-banner-title-visibility":"","ast-main-header-display":"","ast-hfb-above-header-display":"","ast-hfb-below-header-display":"","ast-hfb-mobile-header-display":"","site-post-title":"disabled","ast-breadcrumbs-content":"disabled","ast-featured-img":"disabled","footer-sml-layout":"","theme-transparent-header-meta":"default","adv-header-id-meta":"","stick-header-meta":"","header-above-stick-meta":"","header-main-stick-meta":"","header-below-stick-meta":"","astra-migrate-meta-layouts":"","ast-page-background-enabled":"default","ast-page-background-meta":{"desktop":{"background-color":"","background-image":"","background-repeat":"repeat","background-position":"center center","background-size":"auto","background-attachment":"scroll","background-type":"","background-media":"","overlay-type":"","overlay-color":"","overlay-gradient":""},"tablet":{"background-color":"","background-image":"","background-repeat":"repeat","background-position":"center center","background-size":"auto","background-attachment":"scroll","background-type":"","background-media":"","overlay-type":"","overlay-color":"","overlay-gradient":""},"mobile":{"background-color":"","background-image":"","background-repeat":"repeat","background-position":"center center","background-size":"auto","background-attachment":"scroll","background-type":"","background-media":"","overlay-type":"","overlay-color":"","overlay-gradient":""}},"ast-content-background-meta":{"desktop":{"background-color":"var(--ast-global-color-5)","background-image":"","background-repeat":"repeat","background-position":"center center","background-size":"auto","background-attachment":"scroll","background-type":"","background-media":"","overlay-type":"","overlay-color":"","overlay-gradient":""},"tablet":{"background-color":"var(--ast-global-color-5)","background-image":"","background-repeat":"repeat","background-position":"center center","background-size":"auto","background-attachment":"scroll","background-type":"","background-media":"","overlay-type":"","overlay-color":"","overlay-gradient":""},"mobile":{"background-color":"var(--ast-global-color-5)","background-image":"","background-repeat":"repeat","background-position":"center center","background-size":"auto","background-attachment":"scroll","background-type":"","background-media":"","overlay-type":"","overlay-color":"","overlay-gradient":""}},"footnotes":""},"class_list":["post-152","page","type-page","status-publish","hentry"],"jetpack_sharing_enabled":true,"uagb_featured_image_src":{"full":false,"thumbnail":false,"medium":false,"medium_large":false,"large":false,"1536x1536":false,"2048x2048":false},"uagb_author_info":{"display_name":"heaven","author_link":"https:\/\/fleurdheaven.fr\/academy\/?author=1"},"uagb_comment_info":0,"uagb_excerpt":"D\u00e9couvrez le Parcours de Chantal Atayi Le D\u00e9but d&#039;une Aventure Incroyable Dans l\u2019univers captivant de la beaut\u00e9 et des m\u00e9tiers de l\u2019esth\u00e9tique, \u00e9merge une passionn\u00e9e nomm\u00e9e Chantal Atayi. En 2003, apr\u00e8s avoir suivi une premi\u00e8re formation de proth\u00e9siste ongulaire, elle plonge dans l\u2019art des soins de beaut\u00e9 du corps et du visage. Cette d\u00e9couverte devient\u2026","_links":{"self":[{"href":"https:\/\/fleurdheaven.fr\/academy\/index.php?rest_route=\/wp\/v2\/pages\/152","targetHints":{"allow":["GET"]}}],"collection":[{"href":"https:\/\/fleurdheaven.fr\/academy\/index.php?rest_route=\/wp\/v2\/pages"}],"about":[{"href":"https:\/\/fleurdheaven.fr\/academy\/index.php?rest_route=\/wp\/v2\/types\/page"}],"author":[{"embeddable":true,"href":"https:\/\/fleurdheaven.fr\/academy\/index.php?rest_route=\/wp\/v2\/users\/1"}],"replies":[{"embeddable":true,"href":"https:\/\/fleurdheaven.fr\/academy\/index.php?rest_route=%2Fwp%2Fv2%2Fcomments&post=152"}],"version-history":[{"count":44,"href":"https:\/\/fleurdheaven.fr\/academy\/index.php?rest_route=\/wp\/v2\/pages\/152\/revisions"}],"predecessor-version":[{"id":1814,"href":"https:\/\/fleurdheaven.fr\/academy\/index.php?rest_route=\/wp\/v2\/pages\/152\/revisions\/1814"}],"wp:attachment":[{"href":"https:\/\/fleurdheaven.fr\/academy\/index.php?rest_route=%2Fwp%2Fv2%2Fmedia&parent=152"}],"curies":[{"name":"wp","href":"https:\/\/api.w.org\/{rel}","templated":true}]}}